{"id":935,"date":"2019-12-06T20:14:31","date_gmt":"2019-12-06T19:14:31","guid":{"rendered":"http:\/\/www.planvertical.ch\/site\/?page_id=935"},"modified":"2020-01-05T14:06:58","modified_gmt":"2020-01-05T13:06:58","slug":"chantiers-2019","status":"publish","type":"page","link":"http:\/\/www.planvertical.ch\/site\/chantiers-2019\/","title":{"rendered":"Chantiers 2019"},"content":{"rendered":"<ul>\n<li><strong>Sanetsch:<\/strong>\u00a0\u00ab\u00a0Super sciatique\u00a0\u00bb par Michel Piola (en scellements intox)<\/li>\n<li><strong>Cry d\u2019 Er:<\/strong>\u00a0\u00a0(les coillures) sur la droite en descendant; 3 voies techniques de 15\/18m, 6b et 2 voies de 5c\/6a, extension du 6b+ de chauffe au milieu de la falaise (fepalcon) 15m \u00a07c+\/8a. \u00a0Fuck the Police un 7b \u00a0de 22m technique, et la derni\u00e8re\u00a0\u00a0sans nom, un 7c de 35m. Le tout par Bixio.<\/li>\n<li><strong>\u00a0Barmaz de Champ\u00e9ry:\u00a0<\/strong>\u00a011 voies r\u00e9\u00e9quip\u00e9es par Hubert Calloz.<\/li>\n<li><strong>Arbaz:<\/strong>\u00a03 moulinettes neuves, une voie r\u00e9\u00e9quip\u00e9e et une nouvelle voie \u00e9cole\u00a0\u00bb Albert Lee\u00a0\u00bb\u00a0au secteur initiation par Pep&rsquo;s.<\/li>\n<li><strong>Chemin;\u00a0<\/strong>une nouvelle main courante install\u00e9e par Pep&rsquo;s.<\/li>\n<li><strong>Acc\u00e8s des Dalles \u00e0 Bornet;<\/strong>\u00a0les mains courantes ont \u00e9t\u00e9 chang\u00e9es par Pep&rsquo;s et Christian T\u00f6ffel.<\/li>\n<li><strong>Chez Rocky;<\/strong>\u00a0la longueur 3 en fissure un peu modifi\u00e9e ainsi qu&rsquo;un un spit en plus juste avant le relai 1.<\/li>\n<li><strong>Carri\u00e8re;<i>\u00a0<\/i><\/strong>Un\u00a0spit ou une broche rajout\u00e9e \u00e0 chaque d\u00e9part de voie suite au\u00a0r\u00e9am\u00e9nagement du lieu par Pep&rsquo;s.<b><i><br \/>\n<\/i><\/b><\/li>\n<li><strong>Gi\u00e9troz; <\/strong>Microclimat, 6 nouvelles voies par Marc Volorio. (topo sur le site et dans les carnets).<\/li>\n<\/ul>\n","protected":false},"excerpt":{"rendered":"<p>Sanetsch:\u00a0\u00ab\u00a0Super sciatique\u00a0\u00bb par Michel Piola (en scellements intox) Cry d\u2019 Er:\u00a0\u00a0(les coillures) sur la droite en descendant; 3 voies techniques&hellip;<\/p>\n","protected":false},"author":1,"featured_media":0,"parent":0,"menu_order":0,"comment_status":"open","ping_status":"open","template":"","meta":[],"_links":{"self":[{"href":"http:\/\/www.planvertical.ch\/site\/wp-json\/wp\/v2\/pages\/935"}],"collection":[{"href":"http:\/\/www.planvertical.ch\/site\/wp-json\/wp\/v2\/pages"}],"about":[{"href":"http:\/\/www.planvertical.ch\/site\/wp-json\/wp\/v2\/types\/page"}],"author":[{"embeddable":true,"href":"http:\/\/www.planvertical.ch\/site\/wp-json\/wp\/v2\/users\/1"}],"replies":[{"embeddable":true,"href":"http:\/\/www.planvertical.ch\/site\/wp-json\/wp\/v2\/comments?post=935"}],"version-history":[{"count":11,"href":"http:\/\/www.planvertical.ch\/site\/wp-json\/wp\/v2\/pages\/935\/revisions"}],"predecessor-version":[{"id":983,"href":"http:\/\/www.planvertical.ch\/site\/wp-json\/wp\/v2\/pages\/935\/revisions\/983"}],"wp:attachment":[{"href":"http:\/\/www.planvertical.ch\/site\/wp-json\/wp\/v2\/media?parent=935"}],"curies":[{"name":"wp","href":"https:\/\/api.w.org\/{rel}","templated":true}]}}