{"id":865,"date":"2019-11-20T21:25:05","date_gmt":"2019-11-20T20:25:05","guid":{"rendered":"http:\/\/www.planvertical.ch\/site\/?page_id=865"},"modified":"2020-01-07T11:24:50","modified_gmt":"2020-01-07T10:24:50","slug":"chantiers-2017","status":"publish","type":"page","link":"http:\/\/www.planvertical.ch\/site\/chantiers-2017\/","title":{"rendered":"Chantiers 2017"},"content":{"rendered":"<p><b>R\u00e9(\u00e9)quipement<\/b><\/p>\n<ul>\n<li><strong>Orny<\/strong>. Un membre de Pv en renfort avec Fran\u00e7ois Mathey pour finir le r\u00e9\u00e9quipement de l&rsquo;\u00e9cole d&rsquo;escalade.<\/li>\n<li><strong>Boutzes du Pleureur,<\/strong> r\u00e9\u00e9quipement d&rsquo;hymne \u00e0 la joie par Olivier Roduit.<\/li>\n<\/ul>\n<p>&nbsp;<\/p>\n<p><strong><b>Autres engagements<\/b><\/strong><\/p>\n<ul>\n<li>xx<\/li>\n<\/ul>\n<p>&nbsp;<\/p>\n","protected":false},"excerpt":{"rendered":"<p>R\u00e9(\u00e9)quipement Orny. Un membre de Pv en renfort avec Fran\u00e7ois Mathey pour finir le r\u00e9\u00e9quipement de l&rsquo;\u00e9cole d&rsquo;escalade. Boutzes du&hellip;<\/p>\n","protected":false},"author":1,"featured_media":0,"parent":0,"menu_order":0,"comment_status":"open","ping_status":"closed","template":"","meta":[],"_links":{"self":[{"href":"http:\/\/www.planvertical.ch\/site\/wp-json\/wp\/v2\/pages\/865"}],"collection":[{"href":"http:\/\/www.planvertical.ch\/site\/wp-json\/wp\/v2\/pages"}],"about":[{"href":"http:\/\/www.planvertical.ch\/site\/wp-json\/wp\/v2\/types\/page"}],"author":[{"embeddable":true,"href":"http:\/\/www.planvertical.ch\/site\/wp-json\/wp\/v2\/users\/1"}],"replies":[{"embeddable":true,"href":"http:\/\/www.planvertical.ch\/site\/wp-json\/wp\/v2\/comments?post=865"}],"version-history":[{"count":16,"href":"http:\/\/www.planvertical.ch\/site\/wp-json\/wp\/v2\/pages\/865\/revisions"}],"predecessor-version":[{"id":1030,"href":"http:\/\/www.planvertical.ch\/site\/wp-json\/wp\/v2\/pages\/865\/revisions\/1030"}],"wp:attachment":[{"href":"http:\/\/www.planvertical.ch\/site\/wp-json\/wp\/v2\/media?parent=865"}],"curies":[{"name":"wp","href":"https:\/\/api.w.org\/{rel}","templated":true}]}}