{"id":858,"date":"2019-11-20T21:10:19","date_gmt":"2019-11-20T20:10:19","guid":{"rendered":"http:\/\/www.planvertical.ch\/site\/?page_id=858"},"modified":"2019-11-21T08:55:59","modified_gmt":"2019-11-21T07:55:59","slug":"chantiers-2012","status":"publish","type":"page","link":"http:\/\/www.planvertical.ch\/site\/chantiers-2012\/","title":{"rendered":"Chantiers 2012"},"content":{"rendered":"<p><b>\u00a0<\/b><\/p>\n<p><b>R\u00e9(\u00e9)quipement<\/b><\/p>\n<p><b>\u00a0<\/b><\/p>\n<ul>\n<li><strong>Tichodrome<\/strong> (spits fournis par le CAS). 5 longueurs la grande classique de Dor\u00e9naz. (info 2019 l&rsquo;avant dernier relai est mont\u00e9 pour avoir une meilleure vision du leader). Topo dans les carnets d&rsquo;escalade.<\/li>\n<li><strong>\u00a0Ravoire<\/strong> &amp; nettoyage du site. Grosse journ\u00e9e d\u2019activit\u00e9 le 12 mai en pr\u00e9sence d\u2019une quinzaine de personnes dont le ma\u00eetre des lieux: Lucien Abbet. Le secteur du bas a \u00e9t\u00e9 presque enti\u00e8rement revisit\u00e9 et ceci malgr\u00e9 une pluie parfois battante. Une grande partie du mat\u00e9riel trouv\u00e9 dans cette ancienne d\u00e9charge a pu \u00eatre \u00e9vacu\u00e9 gr\u00e2ce \u00e0 la commune de Martigny-Combe.<\/li>\n<li><strong>Mur des Iles \u00e0 Sion <\/strong>petite impulsion donn\u00e9e par Virginie pour faire avancer le r\u00e9\u00e9quipement du Mur des Iles \u00e0 Sion. Les Pavillard (et leur Entre\u2019prises) s\u2019en chargent.<\/li>\n<li><strong>Ardon <\/strong>octroi d\u2019une centaine de spits \u00e0 Nicolas Sager-Crettenand pour r\u00e9\u00e9quiper des voies \u00e0 Ardon.<\/li>\n<li><strong>Rawyl\u00a0<\/strong>r\u00e9\u00e9quipement de certaines lignes au Rawil par Jean marie Moos dont \u00abCoeur Joyeux\u00bb, le prix du Dr\u00f4me Contest.<\/li>\n<\/ul>\n","protected":false},"excerpt":{"rendered":"<p>\u00a0 R\u00e9(\u00e9)quipement \u00a0 Tichodrome (spits fournis par le CAS). 5 longueurs la grande classique de Dor\u00e9naz. (info 2019 l&rsquo;avant dernier&hellip;<\/p>\n","protected":false},"author":1,"featured_media":0,"parent":0,"menu_order":0,"comment_status":"open","ping_status":"open","template":"","meta":[],"_links":{"self":[{"href":"http:\/\/www.planvertical.ch\/site\/wp-json\/wp\/v2\/pages\/858"}],"collection":[{"href":"http:\/\/www.planvertical.ch\/site\/wp-json\/wp\/v2\/pages"}],"about":[{"href":"http:\/\/www.planvertical.ch\/site\/wp-json\/wp\/v2\/types\/page"}],"author":[{"embeddable":true,"href":"http:\/\/www.planvertical.ch\/site\/wp-json\/wp\/v2\/users\/1"}],"replies":[{"embeddable":true,"href":"http:\/\/www.planvertical.ch\/site\/wp-json\/wp\/v2\/comments?post=858"}],"version-history":[{"count":8,"href":"http:\/\/www.planvertical.ch\/site\/wp-json\/wp\/v2\/pages\/858\/revisions"}],"predecessor-version":[{"id":908,"href":"http:\/\/www.planvertical.ch\/site\/wp-json\/wp\/v2\/pages\/858\/revisions\/908"}],"wp:attachment":[{"href":"http:\/\/www.planvertical.ch\/site\/wp-json\/wp\/v2\/media?parent=858"}],"curies":[{"name":"wp","href":"https:\/\/api.w.org\/{rel}","templated":true}]}}