{"id":846,"date":"2019-11-20T20:55:09","date_gmt":"2019-11-20T19:55:09","guid":{"rendered":"http:\/\/www.planvertical.ch\/site\/?page_id=846"},"modified":"2019-11-27T09:48:37","modified_gmt":"2019-11-27T08:48:37","slug":"chantiers-2014","status":"publish","type":"page","link":"http:\/\/www.planvertical.ch\/site\/chantiers-2014\/","title":{"rendered":"Chantiers 2014"},"content":{"rendered":"<p><b>\u00a0<\/b><\/p>\n<p><b>R\u00e9(\u00e9)<\/b><b>quipement\u00a0<\/b><\/p>\n<p>&nbsp;<\/p>\n<ul>\n<li><strong>\u00a0L<\/strong><b>entelli\u00e8re\u00a0<\/b>8 voies refaites. \u00a0Le reste sera fait par Phillipe Carron et l&rsquo;association des guides valaisans.<\/li>\n<li>\u00a0<b>Bramois <\/b>poursuite du chantier\u00a0avec quelques voies faciles (5-6 bijoux) au pied de l\u2019ar\u00eate sud. Au secteur \u00abFolles Illusions\u00bb, tout est fait, sauf une voie (dernier 7b \u00e0 droite).\u00a0 Au secteur filtre: \u00abarbre de vie\u00bb, \u00abcourt-circuit\u00bb, \u00abrose des vents\u00bb, \u00abmirage\u00bb, \u00ab7a Monnet\u00bb, + d\u00e9but de \u00abla belle affaire\u00bb. Beaucoup de travail fait.<\/li>\n<li><b>Bramois le 3 mai 2014:<\/b>\u00a0Une journ\u00e9e \u00abofficielle\u00bb <b>\u00a0<\/b>les membres du comit\u00e9 de PV + Paulo Panchard, Yves Degoumois, Rapha\u00ebl Corthay, Gaston Bruchez, Lionel Bonvin, Chantal Caroli, Patrice Exquis. 11 voies r\u00e9\u00e9quip\u00e9es entre Africa, Filtre et le pied de l\u2019Ar\u00eate sud.\u00a0 Petit article fait dans le Nouvelliste. Les spits du CAS ont \u00e9t\u00e9 plac\u00e9s l\u00e0.<\/li>\n<li><strong>Eole:<\/strong> 2 nouveaux d\u00e9parts pour \u00abMort ou vif\u00bb et \u00abEole sup\u00bb. Eole sup \u00e0 neuf. Purge d\u2019un gros bloc \u00e0 Eole inf. &amp; vieux ch\u00eane coup\u00e9.<\/li>\n<li><strong>Scex du L\u00e9man:<\/strong> r\u00e9equipement de la M\u00e9diane, premi\u00e8re longueur sous contr\u00f4le. Scex du L\u00e9man: nouvelle voie de trois longueurs ouverte par Jean-Marie. topos dans les carnets.<\/li>\n<li><strong>Rawyl:<\/strong> 2 voies r\u00e9\u00e9quip\u00e9es au secteur Paradis (6b\/c)&amp; terrasses \u00e0 Cry Baby et Virus.<\/li>\n<li><strong>Arbaz:<\/strong> 2 relais us\u00e9s chang\u00e9s suite \u00e0 une demande (\u00abVieille chemin\u00e9e\u00bb, \u00abChemin de traverse\u00bb).<\/li>\n<li>\u00ab<b>Perronite<\/b>\u00bb (ouverte par Jo Morelli) (\u00e0 c\u00f4t\u00e9 du col de Golette) revisit\u00e9e par Dimitri, Bertrand et Peps. 11L. A conseiller. Niveau homog\u00e8ne.<\/li>\n<li><b>Van d\u2019en Haut:\u00a0<\/b>7 \u00e0 8 voies refaites notamment avec Lionel Bonvin, Marcello, Fran\u00e7ois Napoli. Voies faciles. Id\u00e9al pour l\u2019initiation.<\/li>\n<li><strong><strong><strong>N\u00e9mia:\u00a0<\/strong><\/strong><\/strong>les chantiers de JMP \u00a0(N\u00e9mia,.. \/une vingtaine de voies . Une voie de 10L dans le Haut de Cry avec Nicolas Crettenand.<strong><strong><br \/>\n<\/strong><\/strong><\/li>\n<\/ul>\n<p>&nbsp;<\/p>\n<p>A signaler encore, une collaboration avec diff\u00e9rentes personnes pour des travaux de d\u00e9broussaillage (Tichodrome et Terry) et d\u2019entretien (Bouddha) pioche, pelle, tron\u00e7onneuse, 15 sacs de poubelle \u00e9vacu\u00e9s. (bo\u00eetes de conserve,&#8230;) Merci \u00e0 Lucas pour cette superbe initiative.<\/p>\n<p>&nbsp;<\/p>\n<p>&nbsp;<\/p>\n<p>&nbsp;<\/p>\n","protected":false},"excerpt":{"rendered":"<p>\u00a0 R\u00e9(\u00e9)quipement\u00a0 &nbsp; \u00a0Lentelli\u00e8re\u00a08 voies refaites. \u00a0Le reste sera fait par Phillipe Carron et l&rsquo;association des guides valaisans. \u00a0Bramois poursuite&hellip;<\/p>\n","protected":false},"author":1,"featured_media":0,"parent":0,"menu_order":0,"comment_status":"open","ping_status":"open","template":"","meta":[],"_links":{"self":[{"href":"http:\/\/www.planvertical.ch\/site\/wp-json\/wp\/v2\/pages\/846"}],"collection":[{"href":"http:\/\/www.planvertical.ch\/site\/wp-json\/wp\/v2\/pages"}],"about":[{"href":"http:\/\/www.planvertical.ch\/site\/wp-json\/wp\/v2\/types\/page"}],"author":[{"embeddable":true,"href":"http:\/\/www.planvertical.ch\/site\/wp-json\/wp\/v2\/users\/1"}],"replies":[{"embeddable":true,"href":"http:\/\/www.planvertical.ch\/site\/wp-json\/wp\/v2\/comments?post=846"}],"version-history":[{"count":10,"href":"http:\/\/www.planvertical.ch\/site\/wp-json\/wp\/v2\/pages\/846\/revisions"}],"predecessor-version":[{"id":924,"href":"http:\/\/www.planvertical.ch\/site\/wp-json\/wp\/v2\/pages\/846\/revisions\/924"}],"wp:attachment":[{"href":"http:\/\/www.planvertical.ch\/site\/wp-json\/wp\/v2\/media?parent=846"}],"curies":[{"name":"wp","href":"https:\/\/api.w.org\/{rel}","templated":true}]}}