{"id":835,"date":"2019-11-20T20:42:53","date_gmt":"2019-11-20T19:42:53","guid":{"rendered":"http:\/\/www.planvertical.ch\/site\/?page_id=835"},"modified":"2019-11-21T09:33:26","modified_gmt":"2019-11-21T08:33:26","slug":"chantiers2015","status":"publish","type":"page","link":"http:\/\/www.planvertical.ch\/site\/chantiers2015\/","title":{"rendered":"Chantiers 2015"},"content":{"rendered":"<p><b><\/b><b>\u00a0<\/b><b><br \/>\n<\/b><\/p>\n<p><b>R\u00e9(\u00e9)<\/b><b>quipement\u00a0<\/b><\/p>\n<ul>\n<li>\u00a0<b>Bramois<\/b>.\u00a0JMM continue le chantier. (Saint-Antoine, di\u00e8dre jaune,&#8230;) Chemin d\u2019acc\u00e8s, terrasse, falaise de St-Antoine. Il a eu de bons contacts avec Paulo Panchard. Une demande de Paulo: r\u00e9\u00e9quiper le D\u00f4me c\u00e9leste, rive gauche. (Mat\u00e9riel command\u00e9 , sera pay\u00e9 par CAS Sion).<\/li>\n<li><strong>Carri\u00e8re<\/strong>\u00a0\u00a0Bricolage d\u2019une jolie voie \u00e0 la carri\u00e8re, spits ajout\u00e9s dans \u00abPipe au vent\u00bb et dans \u00abCiao bonne\u00bb.\u00a0 Une des priorit\u00e9s pour la carri\u00e8re: changer les relais. Autre id\u00e9e: distribuer des maillons rapides \u00e0 quelques membres actifs sensibles \u00e0 \u00e7a.<\/li>\n<li><strong>Dor\u00e9naz<\/strong>\u00a0vaudois: 6c+ dans le d\u00e9vers \u00e0 c\u00f4t\u00e9 de Pisistrelle.<\/li>\n<li><strong>Mi\u00e9ville\u00a0<\/strong>petit coup de nettoyage \u00e0 pour Miss, 1 spit rajout\u00e9. R\u00e9\u00e9quipement d\u2019une ancienne voie de Laurent Monnet, \u00e0 c\u00f4t\u00e9 de l\u2019une des deux pour Miss\/M\u00e2chicoulis. (5b+) (FJR)<\/li>\n<li><strong>\u00abY comme Yvette\u00bb<\/strong>&#8230; \u00e0 Mi\u00e9ville sous les copains d\u2019abord&#8230;., \u00abPilipili\u00bb avec l\u2019ancien d\u00e9part en dalle (5L), \u00abSi c\u2019est elle\u00bb (4L)&#8230;<\/li>\n<li><b><b>Chemin et Ravoire<\/b><\/b> journ\u00e9e de r\u00e9\u00e9quipement PV\u00a0le 13 juin 2015.\u00a0(Comit\u00e9 &amp; Lulu) Changement de programme. Suite \u00e0 des retours de grimpeurs,\u00a0 souci g\u00e9n\u00e9ral avec le mat\u00e9riel paumer en particulier, les spits inox avec les goujons se d\u00e9vissent: \u00a0Danger notamment dans \u00abLe plancher m\u2019appelle\u00bb, il \u00e9tait urgent de reprendre nos chantiers pr\u00e9c\u00e9dents. Coller, pointer et \u00e9ventuellement remplacer ce qui tourne.<\/li>\n<li><strong>Scex du L\u00e9man<\/strong>\u00a0JMP: a r\u00e9\u00e9quip\u00e9 les deux derni\u00e8res L de la M\u00e9diane (&amp;FJR), bijou du Secteur.<\/li>\n<li><strong>Van d\u2019En Haut<\/strong>: du monde se presse au portillon.<\/li>\n<li><strong>Les Audannes<\/strong><b>.\u00a0\u00a0<\/b>Tr\u00e8s gros travail de JMM qui s\u2019est achev\u00e9 par l\u2019inauguration des voies lors d\u2019un\u00a0 WE automnal les 5-6 septembre aux Audannes.\u00a0 Partage avec l\u2019\u00e9quipe de Ren\u00e9 Meyer du club de Gen\u00e8ve.\u00a0a) travaux d\u2019\u00e9quipement: 15 voies entre 5b et 7a &amp;1x 7c et 1x 8a.\u00a0 (4 \u00abpetites\u00bb de 18 m\u00e8tres, les autres entre 25 et 35 m\u00e8tres). Approche: environ 2 heures. 10-15 minutes de la cabane. Site id\u00e9al pour une Aj,Oj.<\/li>\n<\/ul>\n<ul>\n<li><strong>Sanetsch<\/strong><b>\u00a0<\/b>rencontre entre Annick et Yves\u00a0<b>le 8 octobre 2015<\/b>.\u00a0A ce jour, une ligne de rappels install\u00e9e dans le \u00abChemin des Extr\u00eames\u00bb sur cha\u00eenes par YR qui remercie PV sur le site du GHML.<\/li>\n<\/ul>\n<p>&nbsp;<\/p>\n<ul>\n<li><strong>Orny<\/strong>\u00a010 relais, 30 spits \u00e0 Orny. \u00abTichodrome\u00bb \u00e0 l\u2019Aiguille de la Cabane, \u00abG\u00e9r\u00e9miade\u00bb \u00e0 L\u2019Aiguille d\u2019Orny &amp; voies du jardin d\u2019escalade presque compl\u00e8tement revisit\u00e9es. (JMM en collaboration avec Fran\u00e7ois Matthey)<\/li>\n<li><strong>La N\u00e9tage<\/strong><b>:\u00a0<\/b>Nouvelle voie: 6 L de \u00abPa capona\u00bb. (JMP avec Didier An\u00e7ay)<\/li>\n<li><strong>N\u00e9mia<\/strong><b>z\u00a0<\/b>25 lignes ouvertes par JMP dont quelques unes<b>\u00a0<\/b>avec Nicolas Crettenand. Aux nouvelles du jour, la falaise a bien pass\u00e9 l\u2019hiver.<b>\u00a0<\/b>Spits donn\u00e9s \u00e0 divers \u00e9quipeurs<b>.<\/b><\/li>\n<li><strong>Laurent Monnet<\/strong>: a \u00e9quip\u00e9 au village de Mex, 1000 m\u00e8tres \u00e0 l\u2019est apr\u00e8s la rivi\u00e8re 50 \u00e0 60 spits entre 6b et 7a. A revisit\u00e9 partiellement ses voies \u00e0 c\u00f4t\u00e9 de M\u00e9t\u00e9orire. Ailes un peu coup\u00e9es car accident de Daniel Ruppen.<\/li>\n<li><strong>Vacances du petit facteur\u00a0<\/strong>Daniel Blanc: 50 spits. A r\u00e9\u00e9quip\u00e9 les \u00abvacances du petit facteur\u00bb \u00e0 Roua. Au secteur Virus, Rawyl: a r\u00e9\u00e9quip\u00e9 \u00abProfil\u00bb. D\u2019autres projets en cours. (Roua),&#8230; Dispose de temps, motiv\u00e9. Doit n\u00e9anmoins songer \u00e0 r\u00e9\u00e9quiper les voies plus faciles un peu plus serr\u00e9.<\/li>\n<li><strong>Africa\u00a0<\/strong>Marc Volorio: 6 relais, 50 points, prolongement du secteur Africa (Gi\u00e9troz) et bricolage dans le secteur. Pour le moment: une nouvelle voie athl\u00e9tique, 6b+ (\u00e0 confirmer).<\/li>\n<li><strong>Orny:\u00a0<\/strong>10 points donn\u00e9s \u00e0 Orny pour le col des Chamois (Ecandies)<\/li>\n<\/ul>\n<p>&nbsp;<\/p>\n<p>&nbsp;<\/p>\n","protected":false},"excerpt":{"rendered":"<p>\u00a0 R\u00e9(\u00e9)quipement\u00a0 \u00a0Bramois.\u00a0JMM continue le chantier. (Saint-Antoine, di\u00e8dre jaune,&#8230;) Chemin d\u2019acc\u00e8s, terrasse, falaise de St-Antoine. Il a eu de bons&hellip;<\/p>\n","protected":false},"author":1,"featured_media":0,"parent":0,"menu_order":0,"comment_status":"open","ping_status":"open","template":"","meta":[],"_links":{"self":[{"href":"http:\/\/www.planvertical.ch\/site\/wp-json\/wp\/v2\/pages\/835"}],"collection":[{"href":"http:\/\/www.planvertical.ch\/site\/wp-json\/wp\/v2\/pages"}],"about":[{"href":"http:\/\/www.planvertical.ch\/site\/wp-json\/wp\/v2\/types\/page"}],"author":[{"embeddable":true,"href":"http:\/\/www.planvertical.ch\/site\/wp-json\/wp\/v2\/users\/1"}],"replies":[{"embeddable":true,"href":"http:\/\/www.planvertical.ch\/site\/wp-json\/wp\/v2\/comments?post=835"}],"version-history":[{"count":7,"href":"http:\/\/www.planvertical.ch\/site\/wp-json\/wp\/v2\/pages\/835\/revisions"}],"predecessor-version":[{"id":919,"href":"http:\/\/www.planvertical.ch\/site\/wp-json\/wp\/v2\/pages\/835\/revisions\/919"}],"wp:attachment":[{"href":"http:\/\/www.planvertical.ch\/site\/wp-json\/wp\/v2\/media?parent=835"}],"curies":[{"name":"wp","href":"https:\/\/api.w.org\/{rel}","templated":true}]}}