{"id":375,"date":"2014-03-17T08:13:26","date_gmt":"2014-03-17T07:13:26","guid":{"rendered":"http:\/\/www.planvertical.ch\/site\/?page_id=375"},"modified":"2021-01-02T16:18:53","modified_gmt":"2021-01-02T15:18:53","slug":"chantiers_termines","status":"publish","type":"page","link":"http:\/\/www.planvertical.ch\/site\/chantiers_termines\/","title":{"rendered":"Chantiers termin\u00e9s"},"content":{"rendered":"<p>Un aper\u00e7u des chantiers des diff\u00e9rentes ann\u00e9es, c&rsquo;est ici!<\/p>\n<p>Un grand merci \u00e0 tous les motiv\u00e9s, et \u00e0 ceux qui de pr\u00e8s ou de loin contribuent au travail de r\u00e9\u00e9quipement, parfois ingrat, souvent anonyme et discret.<\/p>\n<p>2020:<\/p>\n<p><a href=\"http:\/\/www.planvertical.ch\/site\/activites-2020\/\"><img loading=\"lazy\" class=\"alignnone  wp-image-1126\" src=\"http:\/\/www.planvertical.ch\/site\/wp-content\/uploads\/2021\/01\/IMG_1774-225x300.jpg\" alt=\"\" width=\"212\" height=\"283\" srcset=\"http:\/\/www.planvertical.ch\/site\/wp-content\/uploads\/2021\/01\/IMG_1774-225x300.jpg 225w, http:\/\/www.planvertical.ch\/site\/wp-content\/uploads\/2021\/01\/IMG_1774-768x1024.jpg 768w, http:\/\/www.planvertical.ch\/site\/wp-content\/uploads\/2021\/01\/IMG_1774-1152x1536.jpg 1152w, http:\/\/www.planvertical.ch\/site\/wp-content\/uploads\/2021\/01\/IMG_1774-1536x2048.jpg 1536w, http:\/\/www.planvertical.ch\/site\/wp-content\/uploads\/2021\/01\/IMG_1774-scaled.jpg 1920w\" sizes=\"(max-width: 212px) 100vw, 212px\" \/><\/a><\/p>\n<p>2019:<\/p>\n<p><a title=\"Chantiers 2019\" href=\"http:\/\/www.planvertical.ch\/site\/chantiers-2019\/\"><img loading=\"lazy\" class=\"alignnone size-medium wp-image-793\" src=\"http:\/\/www.planvertical.ch\/site\/wp-content\/uploads\/2019\/03\/IMG_3001-185x300.jpg\" alt=\"L2 Miles Davis\" width=\"185\" height=\"300\" srcset=\"http:\/\/www.planvertical.ch\/site\/wp-content\/uploads\/2019\/03\/IMG_3001-185x300.jpg 185w, http:\/\/www.planvertical.ch\/site\/wp-content\/uploads\/2019\/03\/IMG_3001-632x1024.jpg 632w, http:\/\/www.planvertical.ch\/site\/wp-content\/uploads\/2019\/03\/IMG_3001-210x339.jpg 210w, http:\/\/www.planvertical.ch\/site\/wp-content\/uploads\/2019\/03\/IMG_3001.jpg 1173w\" sizes=\"(max-width: 185px) 100vw, 185px\" \/><\/a><\/p>\n<p>2018:<\/p>\n<p><a title=\"Chantiers 2018\" href=\"http:\/\/www.planvertical.ch\/site\/chantiers-2018-2\/\"><img loading=\"lazy\" class=\"alignnone size-medium wp-image-1004\" src=\"http:\/\/www.planvertical.ch\/site\/wp-content\/uploads\/2020\/01\/moos-carrierre-221x300.jpg\" alt=\"moos carrierre\" width=\"221\" height=\"300\" srcset=\"http:\/\/www.planvertical.ch\/site\/wp-content\/uploads\/2020\/01\/moos-carrierre-221x300.jpg 221w, http:\/\/www.planvertical.ch\/site\/wp-content\/uploads\/2020\/01\/moos-carrierre-210x285.jpg 210w, http:\/\/www.planvertical.ch\/site\/wp-content\/uploads\/2020\/01\/moos-carrierre.jpg 750w\" sizes=\"(max-width: 221px) 100vw, 221px\" \/><\/a><\/p>\n<p>2017:<\/p>\n<p><a title=\"Chantiers 2017\" href=\"http:\/\/www.planvertical.ch\/site\/chantiers-2017\/\"><img loading=\"lazy\" class=\"alignnone size-medium wp-image-993\" src=\"http:\/\/www.planvertical.ch\/site\/wp-content\/uploads\/2020\/01\/2017-300x225.jpg\" alt=\"2017\" width=\"300\" height=\"225\" srcset=\"http:\/\/www.planvertical.ch\/site\/wp-content\/uploads\/2020\/01\/2017-300x225.jpg 300w, http:\/\/www.planvertical.ch\/site\/wp-content\/uploads\/2020\/01\/2017-1024x768.jpg 1024w, http:\/\/www.planvertical.ch\/site\/wp-content\/uploads\/2020\/01\/2017-210x157.jpg 210w, http:\/\/www.planvertical.ch\/site\/wp-content\/uploads\/2020\/01\/2017.jpg 1500w\" sizes=\"(max-width: 300px) 100vw, 300px\" \/><\/a><\/p>\n<p>2016:<\/p>\n<p><a title=\"Chantiers 2016\" href=\"http:\/\/www.planvertical.ch\/site\/chantiers-2016\/\"><img loading=\"lazy\" class=\"alignnone size-medium wp-image-981\" src=\"http:\/\/www.planvertical.ch\/site\/wp-content\/uploads\/2019\/12\/IMG_1925-300x225.jpg\" alt=\"IMG_1925\" width=\"300\" height=\"225\" srcset=\"http:\/\/www.planvertical.ch\/site\/wp-content\/uploads\/2019\/12\/IMG_1925-300x225.jpg 300w, http:\/\/www.planvertical.ch\/site\/wp-content\/uploads\/2019\/12\/IMG_1925-1024x768.jpg 1024w, http:\/\/www.planvertical.ch\/site\/wp-content\/uploads\/2019\/12\/IMG_1925-210x157.jpg 210w\" sizes=\"(max-width: 300px) 100vw, 300px\" \/><\/a><\/p>\n<p>2015:<\/p>\n<p><a title=\"Chantiers 2015\" href=\"http:\/\/www.planvertical.ch\/site\/chantiers2015\/\"><img loading=\"lazy\" class=\"alignnone size-medium wp-image-651\" src=\"http:\/\/www.planvertical.ch\/site\/wp-content\/uploads\/2017\/07\/IMG_2743-300x225.jpg\" alt=\"IMG_2743\" width=\"300\" height=\"225\" srcset=\"http:\/\/www.planvertical.ch\/site\/wp-content\/uploads\/2017\/07\/IMG_2743-300x225.jpg 300w, http:\/\/www.planvertical.ch\/site\/wp-content\/uploads\/2017\/07\/IMG_2743-1024x768.jpg 1024w, http:\/\/www.planvertical.ch\/site\/wp-content\/uploads\/2017\/07\/IMG_2743-210x157.jpg 210w, http:\/\/www.planvertical.ch\/site\/wp-content\/uploads\/2017\/07\/IMG_2743.jpg 2016w\" sizes=\"(max-width: 300px) 100vw, 300px\" \/><\/a><\/p>\n<p>2014:<\/p>\n<p><a title=\"Chantiers 2014\" href=\"http:\/\/www.planvertical.ch\/site\/chantiers-2014\/\"><img loading=\"lazy\" class=\"size-medium wp-image-322\" src=\"http:\/\/www.planvertical.ch\/site\/wp-content\/uploads\/2014\/02\/P1090716-225x300.jpg\" alt=\"Peronnite\" width=\"225\" height=\"300\" srcset=\"http:\/\/www.planvertical.ch\/site\/wp-content\/uploads\/2014\/02\/P1090716-225x300.jpg 225w, http:\/\/www.planvertical.ch\/site\/wp-content\/uploads\/2014\/02\/P1090716-768x1024.jpg 768w, http:\/\/www.planvertical.ch\/site\/wp-content\/uploads\/2014\/02\/P1090716-210x280.jpg 210w\" sizes=\"(max-width: 225px) 100vw, 225px\" \/><\/a><\/p>\n<p>2013:<\/p>\n<p><a title=\"Chantiers 2013\" href=\"http:\/\/www.planvertical.ch\/site\/chantiers-2013\/\"><img loading=\"lazy\" class=\"size-medium wp-image-215\" src=\"http:\/\/www.planvertical.ch\/site\/wp-content\/uploads\/2014\/01\/P1050316-158x300.jpg\" alt=\"Bramois \" width=\"158\" height=\"300\" srcset=\"http:\/\/www.planvertical.ch\/site\/wp-content\/uploads\/2014\/01\/P1050316-158x300.jpg 158w, http:\/\/www.planvertical.ch\/site\/wp-content\/uploads\/2014\/01\/P1050316-541x1024.jpg 541w, http:\/\/www.planvertical.ch\/site\/wp-content\/uploads\/2014\/01\/P1050316-210x397.jpg 210w, http:\/\/www.planvertical.ch\/site\/wp-content\/uploads\/2014\/01\/P1050316.jpg 971w\" sizes=\"(max-width: 158px) 100vw, 158px\" \/><\/a><\/p>\n<p>2012:<\/p>\n<p><a title=\"Chantiers 2012\" href=\"http:\/\/www.planvertical.ch\/site\/chantiers-2012\/\"><img loading=\"lazy\" class=\"alignnone size-medium wp-image-834\" src=\"http:\/\/www.planvertical.ch\/site\/wp-content\/uploads\/2014\/03\/P1090958-168x300.jpg\" alt=\"P1090958\" width=\"168\" height=\"300\" srcset=\"http:\/\/www.planvertical.ch\/site\/wp-content\/uploads\/2014\/03\/P1090958-168x300.jpg 168w, http:\/\/www.planvertical.ch\/site\/wp-content\/uploads\/2014\/03\/P1090958-576x1024.jpg 576w, http:\/\/www.planvertical.ch\/site\/wp-content\/uploads\/2014\/03\/P1090958.jpg 1080w\" sizes=\"(max-width: 168px) 100vw, 168px\" \/><\/a><\/p>\n<p>2011:<\/p>\n<p><a title=\"Chantiers 2011\" href=\"http:\/\/www.planvertical.ch\/site\/chantiers-2011\/\"><img loading=\"lazy\" class=\"size-medium wp-image-430\" src=\"http:\/\/www.planvertical.ch\/site\/wp-content\/uploads\/2014\/05\/IMG_1125-300x207.jpg\" alt=\"la plus haute fleur des alpes\" width=\"300\" height=\"207\" srcset=\"http:\/\/www.planvertical.ch\/site\/wp-content\/uploads\/2014\/05\/IMG_1125-300x207.jpg 300w, http:\/\/www.planvertical.ch\/site\/wp-content\/uploads\/2014\/05\/IMG_1125-1024x707.jpg 1024w, http:\/\/www.planvertical.ch\/site\/wp-content\/uploads\/2014\/05\/IMG_1125-210x145.jpg 210w, http:\/\/www.planvertical.ch\/site\/wp-content\/uploads\/2014\/05\/IMG_1125.jpg 1749w\" sizes=\"(max-width: 300px) 100vw, 300px\" \/><\/a><\/p>\n","protected":false},"excerpt":{"rendered":"<p>Un aper\u00e7u des chantiers des diff\u00e9rentes ann\u00e9es, c&rsquo;est ici! Un grand merci \u00e0 tous les motiv\u00e9s, et \u00e0 ceux qui&hellip;<\/p>\n","protected":false},"author":1,"featured_media":0,"parent":0,"menu_order":0,"comment_status":"open","ping_status":"closed","template":"","meta":[],"_links":{"self":[{"href":"http:\/\/www.planvertical.ch\/site\/wp-json\/wp\/v2\/pages\/375"}],"collection":[{"href":"http:\/\/www.planvertical.ch\/site\/wp-json\/wp\/v2\/pages"}],"about":[{"href":"http:\/\/www.planvertical.ch\/site\/wp-json\/wp\/v2\/types\/page"}],"author":[{"embeddable":true,"href":"http:\/\/www.planvertical.ch\/site\/wp-json\/wp\/v2\/users\/1"}],"replies":[{"embeddable":true,"href":"http:\/\/www.planvertical.ch\/site\/wp-json\/wp\/v2\/comments?post=375"}],"version-history":[{"count":75,"href":"http:\/\/www.planvertical.ch\/site\/wp-json\/wp\/v2\/pages\/375\/revisions"}],"predecessor-version":[{"id":1133,"href":"http:\/\/www.planvertical.ch\/site\/wp-json\/wp\/v2\/pages\/375\/revisions\/1133"}],"wp:attachment":[{"href":"http:\/\/www.planvertical.ch\/site\/wp-json\/wp\/v2\/media?parent=375"}],"curies":[{"name":"wp","href":"https:\/\/api.w.org\/{rel}","templated":true}]}}