{"id":21,"date":"2014-01-21T14:26:38","date_gmt":"2014-01-21T13:26:38","guid":{"rendered":"http:\/\/www.planvertical.ch\/site\/?page_id=21"},"modified":"2021-01-02T13:19:27","modified_gmt":"2021-01-02T12:19:27","slug":"a-propos","status":"publish","type":"page","link":"http:\/\/www.planvertical.ch\/site\/a-propos\/","title":{"rendered":"Une association d&rsquo;escalade pourquoi ?"},"content":{"rendered":"<p style=\"text-align: left;\">Depuis plus de 40 ans, la plupart des itin\u00e9raires ont \u00e9t\u00e9 gravis et \u00e9quip\u00e9s par des pionniers mus par leur seule passion dans chaque r\u00e9gion, souvent avec les moyens du bord et \u00e0 leurs frais. <em>Aujourd\u2019hui, il est prioritaire de revisiter les voies en portant une attention toute particuli\u00e8re \u00e0 la s\u00e9curit\u00e9.<\/em><\/p>\n<p>L\u2019id\u00e9e de notre association fond\u00e9e en 2010 : valoriser la richesse de notre patrimoine vertical en fournissant conseil et mat\u00e9riel aux \u00e9quipeurs le souhaitant.<\/p>\n<p><strong>NOS BUTS PRINCIPAUX<\/strong><\/p>\n<p><em>1. Soutien \u00e0 l\u2019entretien et l\u2019am\u00e9nagement des sites d\u2019escalade<\/em><\/p>\n<p><em>2. Equipement et r\u00e9\u00e9quipement de voies<\/em><\/p>\n<p><em>3. Coordination et synergies avec les forces en pr\u00e9sence<\/em><\/p>\n<p><em>4. Cr\u00e9ation d\u2019un r\u00e9seau fort dans lequel les informations pourraient circuler avec efficacit\u00e9.<\/em><\/p>\n<p><em>5. Diffusion de nouveaut\u00e9s, infos et topos<\/em><\/p>\n<p><em>6. M\u00e9diation avec les instances officielles et les communes pour d\u00e9fendre l\u2019activit\u00e9<\/em><\/p>\n<p><em>7. Organisation de manifestations autour de l\u2019escalade.<\/em><\/p>\n<p><em>8. Aide \u00e0 la publication de projets en lien avec l\u2019escalade.<\/em><\/p>\n<p><em>&nbsp;Merci!<\/em><\/p>\n<p style=\"text-align: center;\"><a href=\"http:\/\/www.planvertical.ch\/site\/wp-content\/uploads\/2021\/01\/logo-PV.png\"><img loading=\"lazy\" class=\"aligncenter size-medium wp-image-1064\" src=\"http:\/\/www.planvertical.ch\/site\/wp-content\/uploads\/2021\/01\/logo-PV-300x300.png\" alt=\"\" width=\"300\" height=\"300\" srcset=\"http:\/\/www.planvertical.ch\/site\/wp-content\/uploads\/2021\/01\/logo-PV-300x300.png 300w, http:\/\/www.planvertical.ch\/site\/wp-content\/uploads\/2021\/01\/logo-PV-150x150.png 150w, http:\/\/www.planvertical.ch\/site\/wp-content\/uploads\/2021\/01\/logo-PV-1024x1024.png 1024w, http:\/\/www.planvertical.ch\/site\/wp-content\/uploads\/2021\/01\/logo-PV-210x210.png 210w, http:\/\/www.planvertical.ch\/site\/wp-content\/uploads\/2021\/01\/logo-PV.png 1772w\" sizes=\"(max-width: 300px) 100vw, 300px\" \/><\/a><\/p>\n<p><em>&nbsp;<\/em><\/p>\n\n\n<p><\/p>\n","protected":false},"excerpt":{"rendered":"<p>Depuis plus de 40 ans, la plupart des itin\u00e9raires ont \u00e9t\u00e9 gravis et \u00e9quip\u00e9s par des pionniers mus par leur&hellip;<\/p>\n","protected":false},"author":1,"featured_media":0,"parent":0,"menu_order":0,"comment_status":"closed","ping_status":"closed","template":"","meta":[],"_links":{"self":[{"href":"http:\/\/www.planvertical.ch\/site\/wp-json\/wp\/v2\/pages\/21"}],"collection":[{"href":"http:\/\/www.planvertical.ch\/site\/wp-json\/wp\/v2\/pages"}],"about":[{"href":"http:\/\/www.planvertical.ch\/site\/wp-json\/wp\/v2\/types\/page"}],"author":[{"embeddable":true,"href":"http:\/\/www.planvertical.ch\/site\/wp-json\/wp\/v2\/users\/1"}],"replies":[{"embeddable":true,"href":"http:\/\/www.planvertical.ch\/site\/wp-json\/wp\/v2\/comments?post=21"}],"version-history":[{"count":26,"href":"http:\/\/www.planvertical.ch\/site\/wp-json\/wp\/v2\/pages\/21\/revisions"}],"predecessor-version":[{"id":1104,"href":"http:\/\/www.planvertical.ch\/site\/wp-json\/wp\/v2\/pages\/21\/revisions\/1104"}],"wp:attachment":[{"href":"http:\/\/www.planvertical.ch\/site\/wp-json\/wp\/v2\/media?parent=21"}],"curies":[{"name":"wp","href":"https:\/\/api.w.org\/{rel}","templated":true}]}}