{"id":1128,"date":"2021-01-02T16:13:32","date_gmt":"2021-01-02T15:13:32","guid":{"rendered":"http:\/\/www.planvertical.ch\/site\/?page_id=1128"},"modified":"2021-01-02T16:30:38","modified_gmt":"2021-01-02T15:30:38","slug":"activites-2020","status":"publish","type":"page","link":"http:\/\/www.planvertical.ch\/site\/activites-2020\/","title":{"rendered":"Activit\u00e9s 2020"},"content":{"rendered":"\n<p>M\u00e9diation \u00e0 <em><strong>Val\u00e8re<\/strong><\/em>: afin de nous permettre de continuer de grimper<\/p>\n\n\n\n<p><strong>Bramois<\/strong>, <em>Ar\u00eate Sud<\/em> : Paulo Panchard r\u00e9\u00e9quipe ses voies abim\u00e9e suite \u00e0 l&rsquo;\u00e9boulement.<\/p>\n\n\n\n<p><strong>Mi\u00e9ville<\/strong> : R\u00e9\u00e9quipement d<em>&lsquo;Adr\u00e9naline<\/em> et d<em>&lsquo;\u00e2me soeur<\/em> par Lucien Abbet<\/p>\n\n\n\n<p><strong>Petit Clocher du Portalet<\/strong>: Acc\u00e8s et <em>Nouvelle \u00e8re<\/em>, par Raoul Crettenand<\/p>\n\n\n\n<p><strong>Evol\u00e8ne<\/strong>, Le Pont : D\u00e9but d&rsquo;un long r\u00e9\u00e9quipement, par Benoit Crettenand<\/p>\n\n\n\n<p>M\u00e9diation <strong>Le Pont<\/strong> : afin de nous permettre de continuer \u00e0 grimper<\/p>\n\n\n\n<p><strong>Fully<\/strong>, Mayen<strong> <\/strong>Loton : Remplacement de 2 relais par Lucien Abbet, et \u00e9quipement de 5 nouvelles voies<\/p>\n\n\n\n<p><strong>Salvan<\/strong> : R\u00e9\u00e9quipement de Bravo Lapp et Miles D\u00e9visse par Pepone, ainsi que le 7b de la D\u00e9bacle avec Nils Favre<\/p>\n\n\n\n<p><strong>Fionnay <\/strong>: R\u00e9\u00e9quipement de Marvin par les guides Bertrand Martenet, Richard Michellod et Michael Kimber<\/p>\n\n\n\n<p><strong>Arolla<\/strong>, Pragrasset : Pose d&rsquo;une main courante et r\u00e9\u00e9quipement en cours par Benoit Crettenand<\/p>\n\n\n\n<p><strong>Dor\u00e9naz<\/strong>, Carri\u00e8re : Remplacement de relais us\u00e9s et formation <\/p>\n\n\n\n<p><strong>Sanetsch<\/strong> : Michel Piola r\u00e9\u00e9quipe<em> Zig-Zag-Zoug <\/em>avec Daniel Anker, puis \u00e9quipe 2 moulinettes et en r\u00e9\u00e9quipe 2 autres, sur magnifiques scellements. Cela s&rsquo;ajoute \u00e0 <em>Utopia<\/em> et <em>Super sciatique<\/em> ces 2 derni\u00e8res ann\u00e9es.<\/p>\n\n\n\n<p><strong>NE, Les Sangliers<\/strong> : Jean-Michel Oberson poursuit son travail titanesque<\/p>\n\n\n\n<p><\/p>\n\n\n\n<p><\/p>\n\n\n\n<p><\/p>\n","protected":false},"excerpt":{"rendered":"<p>M\u00e9diation \u00e0 Val\u00e8re: afin de nous permettre de continuer de grimper Bramois, Ar\u00eate Sud : Paulo Panchard r\u00e9\u00e9quipe ses voies&hellip;<\/p>\n","protected":false},"author":3,"featured_media":0,"parent":0,"menu_order":0,"comment_status":"closed","ping_status":"closed","template":"","meta":[],"_links":{"self":[{"href":"http:\/\/www.planvertical.ch\/site\/wp-json\/wp\/v2\/pages\/1128"}],"collection":[{"href":"http:\/\/www.planvertical.ch\/site\/wp-json\/wp\/v2\/pages"}],"about":[{"href":"http:\/\/www.planvertical.ch\/site\/wp-json\/wp\/v2\/types\/page"}],"author":[{"embeddable":true,"href":"http:\/\/www.planvertical.ch\/site\/wp-json\/wp\/v2\/users\/3"}],"replies":[{"embeddable":true,"href":"http:\/\/www.planvertical.ch\/site\/wp-json\/wp\/v2\/comments?post=1128"}],"version-history":[{"count":3,"href":"http:\/\/www.planvertical.ch\/site\/wp-json\/wp\/v2\/pages\/1128\/revisions"}],"predecessor-version":[{"id":1135,"href":"http:\/\/www.planvertical.ch\/site\/wp-json\/wp\/v2\/pages\/1128\/revisions\/1135"}],"wp:attachment":[{"href":"http:\/\/www.planvertical.ch\/site\/wp-json\/wp\/v2\/media?parent=1128"}],"curies":[{"name":"wp","href":"https:\/\/api.w.org\/{rel}","templated":true}]}}