{"id":1000,"date":"2020-01-05T14:29:33","date_gmt":"2020-01-05T13:29:33","guid":{"rendered":"http:\/\/www.planvertical.ch\/site\/?page_id=1000"},"modified":"2020-01-13T12:37:28","modified_gmt":"2020-01-13T11:37:28","slug":"chantiers-2018-2","status":"publish","type":"page","link":"http:\/\/www.planvertical.ch\/site\/chantiers-2018-2\/","title":{"rendered":"Chantiers 2018"},"content":{"rendered":"<h2 style=\"text-align: justify;\"><b><b><b><b><b><b><b>R\u00e9(\u00e9)<\/b><b>\u00e9quipement<\/b><\/b><\/b><\/b><\/b><\/b><\/b><\/h2>\n<ul>\n<li><strong>Dor\u00e9naz.<\/strong> Fin du r\u00e9\u00e9quipement du secteur facile de la Carri\u00e8re.<\/li>\n<li><strong>La Balmaz<\/strong>. Nouveau secteur (<em>Linda de 6a<\/em>) en cours d&rsquo;\u00e9quipement \u00e0 la Balmaz<\/li>\n<li><strong>La Balmaz.\u00a0<\/strong>Nettoyage du secteur <em>Nazmak.<\/em><\/li>\n<li><strong>Vernayaz<\/strong>. Eole Sup\u00e9rieur fin d&rsquo;un long chantier; <em>l&rsquo;\u00e9t\u00e9 Canelle<\/em>.<\/li>\n<li><strong>Bravo Lapp. <\/strong>Une mise \u00e0 jour des deux courtes premi\u00e8res longueurs. (voire l&rsquo;article, une journ\u00e9e bricole \u00e0 Bravo Lapp.)<\/li>\n<\/ul>\n<h3 style=\"text-align: justify;\">\u00a0<b><b><b><b><b><br \/>\n<\/b><\/b><\/b><\/b><\/b><\/h3>\n<h4><b><b><b><b><b><\/b><\/b><\/b><\/b><\/b><b>\u00a0<\/b><\/h4>\n<h2><b><b><b><b><b><b><b>Autres engagements\u00a0<\/b><\/b><\/b><\/b><\/b><\/b><\/b><\/h2>\n<ul>\n<li><strong>M\u00e9diation.<\/strong>\u00a0 Le\u00a01 mars, m\u00e9diation et pr\u00e9sentation de PV avec les autorit\u00e9s concern\u00e9es \u00e0 la Balmaz.<\/li>\n<li><strong>Yoga brunch<\/strong>. le 6 mai avec Sandra Vermette.<\/li>\n<li>\u00a0<strong>Journ\u00e9e broches.<\/strong>\u00a0Le 9 septembre, une journ\u00e9e formation continue autour des scellements en falaise et pr\u00e9sentation d&rsquo;un appareil testeur de broches, un appareil \u00a0con\u00e7u et pr\u00eat\u00e9 par le CAS. Th\u00e9orie \u00e0 Vertic-Hall et pratique \u00e0 Ardon.<\/li>\n<li>\u00a0<strong>Journ\u00e9e \u00e9tique.<\/strong> Le 14 septembre, une journ\u00e9e de partage autour de sujets tel que <em>le trad, le d\u00e9patinage<\/em> avec Louis Piguet, Michel Piola, Bruno Hasler, Rebolting, Pierre de Maestral, Simon Chatelan, Fran\u00e7ois Roduit et Bertrand Gentizon.<\/li>\n<\/ul>\n<h4><b><\/b><b><br \/>\n<\/b><\/h4>\n<p><b><b><\/b><br \/>\n<\/b><\/p>\n","protected":false},"excerpt":{"rendered":"<p>R\u00e9(\u00e9)\u00e9quipement Dor\u00e9naz. Fin du r\u00e9\u00e9quipement du secteur facile de la Carri\u00e8re. La Balmaz. Nouveau secteur (Linda de 6a) en cours&hellip;<\/p>\n","protected":false},"author":1,"featured_media":0,"parent":0,"menu_order":0,"comment_status":"open","ping_status":"closed","template":"","meta":[],"_links":{"self":[{"href":"http:\/\/www.planvertical.ch\/site\/wp-json\/wp\/v2\/pages\/1000"}],"collection":[{"href":"http:\/\/www.planvertical.ch\/site\/wp-json\/wp\/v2\/pages"}],"about":[{"href":"http:\/\/www.planvertical.ch\/site\/wp-json\/wp\/v2\/types\/page"}],"author":[{"embeddable":true,"href":"http:\/\/www.planvertical.ch\/site\/wp-json\/wp\/v2\/users\/1"}],"replies":[{"embeddable":true,"href":"http:\/\/www.planvertical.ch\/site\/wp-json\/wp\/v2\/comments?post=1000"}],"version-history":[{"count":18,"href":"http:\/\/www.planvertical.ch\/site\/wp-json\/wp\/v2\/pages\/1000\/revisions"}],"predecessor-version":[{"id":1033,"href":"http:\/\/www.planvertical.ch\/site\/wp-json\/wp\/v2\/pages\/1000\/revisions\/1033"}],"wp:attachment":[{"href":"http:\/\/www.planvertical.ch\/site\/wp-json\/wp\/v2\/media?parent=1000"}],"curies":[{"name":"wp","href":"https:\/\/api.w.org\/{rel}","templated":true}]}}